{"id":18205,"date":"2021-02-26T09:55:21","date_gmt":"2021-02-26T08:55:21","guid":{"rendered":"https:\/\/ophtalmo-bw.be\/?page_id=18205"},"modified":"2026-03-19T12:35:09","modified_gmt":"2026-03-19T11:35:09","slug":"glaucoom","status":"publish","type":"page","link":"https:\/\/vision-centrum.be\/en\/glaucoom\/","title":{"rendered":"Glaucoma"},"content":{"rendered":"<p style=\"font-size:clamp(14px, 0.875rem + ((1vw - 3.2px) * 0.392), 18px);px\" class=\" translation-block\"><strong>Glaucoma<\/strong> is a common eye disease that affects more than 2% of the population over 45 years of age.<\/p>\n\n\n\n<p>In France, it is estimated that about 1 million people are affected. This frequency justifies that the eye pressure is measured regularly during an eye examination.<\/p>\n\n\n\n<p>It is recommended to consult a specialist every two years (from the age of 45) for these measurements.<\/p>\n\n\n\n<p>In developed countries, glaucoma is the leading cause of absolute blindness. Other common causes of vision loss are age-related macular degeneration and cataracts. These two diseases are not related to glaucoma, but can occur in glaucoma patients.<\/p>\n\n\n\n<p>There are two major forms of glaucoma:<\/p>\n\n\n\n<ol class=\"wp-block-list\">\n<li class=\" translation-block\"><strong>Open-angle glaucoma<\/strong> \u2013 the most common form.<\/li>\n\n\n\n<li><strong>Glaucoma due to occlusion of the chamber angle<\/strong>.<\/li>\n<\/ol>\n\n\n\n<p>Glaucoma is caused by an increase in eye pressure, which damages the optic nerve (which sends visual information to the brain) and the visual field (range of vision).<\/p>\n\n\n\n<p class=\" translation-block\"><strong>Open-angle glaucoma<\/strong> is related to the gradual occlusion of the drainage system, the trabecula. This phenomenon is gradual because the patient does not feel the slow increase in eye pressure.<\/p>\n\n\n\n<p class=\" translation-block\"><strong>Open-angle glaucoma<\/strong> (OCT study) Source: French Glaucoma Association \u2013 2011<\/p>\n\n\n\n<p class=\" translation-block\"><strong>Acute glaucoma<\/strong>, also known as angle closure glaucoma, occurs suddenly. It is caused by the sudden closure of the iris against the drainage system. It is accompanied by intense pain and loss of vision. This is an urgent ophthalmologic emergency.<\/p>\n\n\n\n<p class=\" translation-block\"><strong>Glaucoma due to occlusion of the chamber angle<\/strong> (OCT study) Source: French Glaucoma Association \u2013 2011<\/p>\n\n\n\n<p class=\" translation-block\">In addition, there are also very rare glaucomas that occur from birth, so-called <strong>congenital<\/strong> glaucomas. Their treatment is surgical from the start.<\/p>\n\n\n\n<p style=\"font-size:clamp(14px, 0.875rem + ((1vw - 3.2px) * 0.392), 18px);px\">Finally, glaucoma can occur after another eye disease, such as inflammation or trauma.<\/p>\n\n\n\n<figure class=\"wp-block-embed is-type-video is-provider-tiktok wp-block-embed-tiktok\"><div class=\"wp-block-embed__wrapper\">\n<blockquote class=\"tiktok-embed\" cite=\"https:\/\/www.tiktok.com\/@centre.vision.las\/video\/7485675801527045398\" data-video-id=\"7485675801527045398\" data-embed-from=\"oembed\" style=\"max-width:605px; min-width:325px;\"> <section> <a target=\"_blank\" title=\"@centre.vision.las\" href=\"https:\/\/www.tiktok.com\/@centre.vision.las?refer=embed\">@centre.vision.las<\/a> <p>R\u00e9ponse \u00e0 @nadia \ud83d\udc9d\ud83c\udf08\ud83c\udff4\u200d\u2620\ufe0f le laser SLT est une forme de laser utilis\u00e9e pour diminuer la pression intra-oculaire et permettre d&#8217;\u00e9viter une fluctuation au cours de la journ\u00e9e de la pression intra-oculaire chez les patients atteints de glaucome \u00e0 angle ouvert ou d&#8217;hypertension oculaire sans glaucome associ\u00e9. <a title=\"ophtalmologie\" target=\"_blank\" href=\"https:\/\/www.tiktok.com\/tag\/ophtalmologie?refer=embed\">#ophtalmologie<\/a> <a title=\"hyperopia\" target=\"_blank\" href=\"https:\/\/www.tiktok.com\/tag\/hypermetropie?refer=embed\">#hypermetropie<\/a> <a title=\"glaucome\" target=\"_blank\" href=\"https:\/\/www.tiktok.com\/tag\/glaucome?refer=embed\">#glaucome<\/a> <a title=\"slt\" target=\"_blank\" href=\"https:\/\/www.tiktok.com\/tag\/slt?refer=embed\">#slt<\/a> <a title=\"myopia\" target=\"_blank\" href=\"https:\/\/www.tiktok.com\/tag\/myopie?refer=embed\">#myopie<\/a> <\/p> <a target=\"_blank\" title=\"\u266c son original - Centre Vision Laser\" href=\"https:\/\/www.tiktok.com\/music\/son-original-7485675812587653910?refer=embed\">\u266c son original &#8211; Centre Vision Laser<\/a> <\/section> <\/blockquote> <script async src=\"https:\/\/www.tiktok.com\/embed.js\"><\/script>\n<\/div><\/figure>\n\n\n\n<figure class=\"wp-block-embed is-type-video is-provider-tiktok wp-block-embed-tiktok\"><div class=\"wp-block-embed__wrapper\">\n<blockquote class=\"tiktok-embed\" cite=\"https:\/\/www.tiktok.com\/@centre.vision.las\/video\/7555760420338863392\" data-video-id=\"7555760420338863392\" data-embed-from=\"oembed\" style=\"max-width:605px; min-width:325px;\"> <section> <a target=\"_blank\" title=\"@centre.vision.las\" href=\"https:\/\/www.tiktok.com\/@centre.vision.las?refer=embed\">@centre.vision.las<\/a> <p>Les dangers de l&#8217;hypertension oculaire \u26a0\ufe0f <a title=\"chirurgier\u00e9fractive\" target=\"_blank\" href=\"https:\/\/www.tiktok.com\/tag\/chirurgier%C3%A9fractive?refer=embed\">#chirurgier\u00e9fractive<\/a> <a title=\"lasik\" target=\"_blank\" href=\"https:\/\/www.tiktok.com\/tag\/lasik?refer=embed\">#lasik<\/a> <a title=\"astigmatism\" target=\"_blank\" href=\"https:\/\/www.tiktok.com\/tag\/astigmatisme?refer=embed\">#astigmatisme<\/a> <a title=\"soindesyeux\" target=\"_blank\" href=\"https:\/\/www.tiktok.com\/tag\/soindesyeux?refer=embed\">#soindesyeux<\/a><\/p> <a target=\"_blank\" title=\"\u266c son original - Centre Vision Laser\" href=\"https:\/\/www.tiktok.com\/music\/son-original-7555760647485672225?refer=embed\">\u266c son original &#8211; Centre Vision Laser<\/a> <\/section> <\/blockquote> <script async src=\"https:\/\/www.tiktok.com\/embed.js\"><\/script>\n<\/div><\/figure>\n\n\n\n<figure class=\"wp-block-embed is-type-video is-provider-tiktok wp-block-embed-tiktok\"><div class=\"wp-block-embed__wrapper\">\n<blockquote class=\"tiktok-embed\" cite=\"https:\/\/www.tiktok.com\/@centre.vision.las\/video\/7521038711765667105\" data-video-id=\"7521038711765667105\" data-embed-from=\"oembed\" style=\"max-width:605px; min-width:325px;\"> <section> <a target=\"_blank\" title=\"@centre.vision.las\" href=\"https:\/\/www.tiktok.com\/@centre.vision.las?refer=embed\">@centre.vision.las<\/a> <p>La tension oculaire, ou pression intraoculaire, ne provoque pas toujours de sympt\u00f4mes visibles, surtout si elle est l\u00e9g\u00e8rement \u00e9lev\u00e9e. Cependant, si elle devient trop haute, comme dans un glaucome aigu, vous pourriez ressentir des douleurs oculaires, une sensation de pression, une vision floue, des halos autour des lumi\u00e8res, des maux de t\u00eate, ou m\u00eame des naus\u00e9es. Une tension trop basse, plus rare, peut causer une vision d\u00e9form\u00e9e ou une g\u00eane. Souvent, ces signes apparaissent tard, donc un d\u00e9pistage r\u00e9gulier est essentiel pour d\u00e9tecter un probl\u00e8me t\u00f4t. Si vous ressentez ces sympt\u00f4mes, consultez rapidement un ophtalmologue pour \u00e9viter des complications comme une perte de vision. En r\u00e9sum\u00e9, une tension oculaire anormale peut causer douleurs, vision floue ou halos, mais elle est souvent silencieuse au d\u00e9but.<\/p> <a target=\"_blank\" title=\"\u266c son original - Centre Vision Laser\" href=\"https:\/\/www.tiktok.com\/music\/son-original-7521038790102682401?refer=embed\">\u266c son original &#8211; Centre Vision Laser<\/a> <\/section> <\/blockquote> <script async src=\"https:\/\/www.tiktok.com\/embed.js\"><\/script>\n<\/div><\/figure>\n\n\n\n<div class=\"wp-block-group has-global-padding is-layout-constrained wp-block-group-is-layout-constrained\"><\/div>\n\n\n\n\n\n<p>Angle-closure glaucoma, also called acute glaucoma, occurs very suddenly. It is caused by the iris adhering within moments to the drainage system. It is associated with severe pain and a decrease in vision. It is a major ophthalmological emergency.<\/p>","protected":false},"excerpt":{"rendered":"<p>Glaucoom is een veel voorkomende oogziekte die meer dan 2% van de bevolking boven de 45 jaar treft. In Frankrijk wordt geschat dat ongeveer 1 miljoen mensen getroffen zijn. Deze frequentie rechtvaardigt dat de oogdruk regelmatig gemeten wordt tijdens een oogonderzoek. Het wordt aangeraden om elke twee jaar (vanaf 45 jaar) een specialist te raadplegen [&hellip;]<\/p>\n","protected":false},"author":8,"featured_media":0,"parent":0,"menu_order":0,"comment_status":"closed","ping_status":"closed","template":"","meta":{"footnotes":""},"class_list":["post-18205","page","type-page","status-publish","hentry"],"yoast_head":"<!-- This site is optimized with the Yoast SEO plugin v27.2 - https:\/\/yoast.com\/product\/yoast-seo-wordpress\/ -->\n<title>Glaucoom<\/title>\n<meta name=\"robots\" content=\"index, follow, max-snippet:-1, max-image-preview:large, max-video-preview:-1\" \/>\n<link rel=\"canonical\" href=\"https:\/\/vision-centrum.be\/en\/glaucoom\/\" \/>\n<meta property=\"og:locale\" content=\"en_GB\" \/>\n<meta property=\"og:type\" content=\"article\" \/>\n<meta property=\"og:title\" content=\"Glaucoom\" \/>\n<meta property=\"og:description\" content=\"Glaucoom is een veel voorkomende oogziekte die meer dan 2% van de bevolking boven de 45 jaar treft. In Frankrijk wordt geschat dat ongeveer 1 miljoen mensen getroffen zijn. Deze frequentie rechtvaardigt dat de oogdruk regelmatig gemeten wordt tijdens een oogonderzoek. Het wordt aangeraden om elke twee jaar (vanaf 45 jaar) een specialist te raadplegen [&hellip;]\" \/>\n<meta property=\"og:url\" content=\"https:\/\/vision-centrum.be\/en\/glaucoom\/\" \/>\n<meta property=\"og:site_name\" content=\"Vision-Centrum Berchem\" \/>\n<meta property=\"article:modified_time\" content=\"2026-03-19T11:35:09+00:00\" \/>\n<meta name=\"twitter:card\" content=\"summary_large_image\" \/>\n<meta name=\"twitter:label1\" content=\"Estimated reading time\" \/>\n\t<meta name=\"twitter:data1\" content=\"2 minutes\" \/>\n<script type=\"application\/ld+json\" class=\"yoast-schema-graph\">{\"@context\":\"https:\/\/schema.org\",\"@graph\":[{\"@type\":\"WebPage\",\"@id\":\"https:\/\/vision-centrum.be\/glaucoom\/\",\"url\":\"https:\/\/vision-centrum.be\/glaucoom\/\",\"name\":\"Glaucoom\",\"isPartOf\":{\"@id\":\"https:\/\/vision-centrum.be\/#website\"},\"datePublished\":\"2021-02-26T08:55:21+00:00\",\"dateModified\":\"2026-03-19T11:35:09+00:00\",\"breadcrumb\":{\"@id\":\"https:\/\/vision-centrum.be\/glaucoom\/#breadcrumb\"},\"inLanguage\":\"en-GB\",\"potentialAction\":[{\"@type\":\"ReadAction\",\"target\":[\"https:\/\/vision-centrum.be\/glaucoom\/\"]}]},{\"@type\":\"BreadcrumbList\",\"@id\":\"https:\/\/vision-centrum.be\/glaucoom\/#breadcrumb\",\"itemListElement\":[{\"@type\":\"ListItem\",\"position\":1,\"name\":\"Accueil\",\"item\":\"https:\/\/vision-centrum.be\/\"},{\"@type\":\"ListItem\",\"position\":2,\"name\":\"Glaucoom\"}]},{\"@type\":\"WebSite\",\"@id\":\"https:\/\/vision-centrum.be\/#website\",\"url\":\"https:\/\/vision-centrum.be\/\",\"name\":\"Vision-Centrum Berchem\",\"description\":\"Sommige dingen zijn zeldzaam, uw zicht is uniek\",\"publisher\":{\"@id\":\"https:\/\/vision-centrum.be\/#organization\"},\"potentialAction\":[{\"@type\":\"SearchAction\",\"target\":{\"@type\":\"EntryPoint\",\"urlTemplate\":\"https:\/\/vision-centrum.be\/?s={search_term_string}\"},\"query-input\":{\"@type\":\"PropertyValueSpecification\",\"valueRequired\":true,\"valueName\":\"search_term_string\"}}],\"inLanguage\":\"en-GB\"},{\"@type\":\"Organization\",\"@id\":\"https:\/\/vision-centrum.be\/#organization\",\"name\":\"Vision-Centrum Berchem\",\"url\":\"https:\/\/vision-centrum.be\/\",\"logo\":{\"@type\":\"ImageObject\",\"inLanguage\":\"en-GB\",\"@id\":\"https:\/\/vision-centrum.be\/#\/schema\/logo\/image\/\",\"url\":\"https:\/\/vision-centrum.be\/wp-content\/uploads\/2025\/04\/VISION-CENTRUM-vectorise-1.svg\",\"contentUrl\":\"https:\/\/vision-centrum.be\/wp-content\/uploads\/2025\/04\/VISION-CENTRUM-vectorise-1.svg\",\"width\":2835,\"height\":2834,\"caption\":\"Vision-Centrum Berchem\"},\"image\":{\"@id\":\"https:\/\/vision-centrum.be\/#\/schema\/logo\/image\/\"}}]}<\/script>\n<!-- \/ Yoast SEO plugin. -->","yoast_head_json":{"title":"Glaucoma","robots":{"index":"index","follow":"follow","max-snippet":"max-snippet:-1","max-image-preview":"max-image-preview:large","max-video-preview":"max-video-preview:-1"},"canonical":"https:\/\/vision-centrum.be\/en\/glaucoom\/","og_locale":"en_GB","og_type":"article","og_title":"Glaucoom","og_description":"Glaucoom is een veel voorkomende oogziekte die meer dan 2% van de bevolking boven de 45 jaar treft. In Frankrijk wordt geschat dat ongeveer 1 miljoen mensen getroffen zijn. Deze frequentie rechtvaardigt dat de oogdruk regelmatig gemeten wordt tijdens een oogonderzoek. Het wordt aangeraden om elke twee jaar (vanaf 45 jaar) een specialist te raadplegen [&hellip;]","og_url":"https:\/\/vision-centrum.be\/en\/glaucoom\/","og_site_name":"Vision-Centrum Berchem","article_modified_time":"2026-03-19T11:35:09+00:00","twitter_card":"summary_large_image","twitter_misc":{"Estimated reading time":"2 minutes"},"schema":{"@context":"https:\/\/schema.org","@graph":[{"@type":"WebPage","@id":"https:\/\/vision-centrum.be\/glaucoom\/","url":"https:\/\/vision-centrum.be\/glaucoom\/","name":"Glaucoma","isPartOf":{"@id":"https:\/\/vision-centrum.be\/#website"},"datePublished":"2021-02-26T08:55:21+00:00","dateModified":"2026-03-19T11:35:09+00:00","breadcrumb":{"@id":"https:\/\/vision-centrum.be\/glaucoom\/#breadcrumb"},"inLanguage":"en-GB","potentialAction":[{"@type":"ReadAction","target":["https:\/\/vision-centrum.be\/glaucoom\/"]}]},{"@type":"BreadcrumbList","@id":"https:\/\/vision-centrum.be\/glaucoom\/#breadcrumb","itemListElement":[{"@type":"ListItem","position":1,"name":"Accueil","item":"https:\/\/vision-centrum.be\/"},{"@type":"ListItem","position":2,"name":"Glaucoom"}]},{"@type":"WebSite","@id":"https:\/\/vision-centrum.be\/#website","url":"https:\/\/vision-centrum.be\/","name":"Vision-Centrum Berchem","description":"Rare things exist; your vision is one of a kind","publisher":{"@id":"https:\/\/vision-centrum.be\/#organization"},"potentialAction":[{"@type":"SearchAction","target":{"@type":"EntryPoint","urlTemplate":"https:\/\/vision-centrum.be\/?s={search_term_string}"},"query-input":{"@type":"PropertyValueSpecification","valueRequired":true,"valueName":"search_term_string"}}],"inLanguage":"en-GB"},{"@type":"Organization","@id":"https:\/\/vision-centrum.be\/#organization","name":"Vision-Centrum Berchem","url":"https:\/\/vision-centrum.be\/","logo":{"@type":"ImageObject","inLanguage":"en-GB","@id":"https:\/\/vision-centrum.be\/#\/schema\/logo\/image\/","url":"https:\/\/vision-centrum.be\/wp-content\/uploads\/2025\/04\/VISION-CENTRUM-vectorise-1.svg","contentUrl":"https:\/\/vision-centrum.be\/wp-content\/uploads\/2025\/04\/VISION-CENTRUM-vectorise-1.svg","width":2835,"height":2834,"caption":"Vision-Centrum Berchem"},"image":{"@id":"https:\/\/vision-centrum.be\/#\/schema\/logo\/image\/"}}]}},"jetpack_sharing_enabled":true,"jetpack_likes_enabled":false,"_links":{"self":[{"href":"https:\/\/vision-centrum.be\/en\/wp-json\/wp\/v2\/pages\/18205","targetHints":{"allow":["GET"]}}],"collection":[{"href":"https:\/\/vision-centrum.be\/en\/wp-json\/wp\/v2\/pages"}],"about":[{"href":"https:\/\/vision-centrum.be\/en\/wp-json\/wp\/v2\/types\/page"}],"author":[{"embeddable":true,"href":"https:\/\/vision-centrum.be\/en\/wp-json\/wp\/v2\/users\/8"}],"replies":[{"embeddable":true,"href":"https:\/\/vision-centrum.be\/en\/wp-json\/wp\/v2\/comments?post=18205"}],"version-history":[{"count":10,"href":"https:\/\/vision-centrum.be\/en\/wp-json\/wp\/v2\/pages\/18205\/revisions"}],"predecessor-version":[{"id":34417,"href":"https:\/\/vision-centrum.be\/en\/wp-json\/wp\/v2\/pages\/18205\/revisions\/34417"}],"wp:attachment":[{"href":"https:\/\/vision-centrum.be\/en\/wp-json\/wp\/v2\/media?parent=18205"}],"curies":[{"name":"wp","href":"https:\/\/api.w.org\/{rel}","templated":true}]}}